{"id":84,"date":"2024-11-20T16:02:32","date_gmt":"2024-11-20T15:02:32","guid":{"rendered":"https:\/\/asromacamp.it\/tagliacozzo\/?page_id=84"},"modified":"2026-01-15T11:52:47","modified_gmt":"2026-01-15T10:52:47","slug":"domande-frequenti","status":"publish","type":"page","link":"https:\/\/asromacamp.it\/tagliacozzo\/domande-frequenti\/","title":{"rendered":"Domande Frequenti"},"content":{"rendered":"<header>\r\n\t<div class=\"img-cont\">\r\n\t\t<picture>\r\n\t\t\t<!-- WebP -->\r\n\t\t\t<source media=\"(max-width: 576px)\" srcset=\"\/tagliacozzo\/wp-content\/uploads\/2025\/12\/asr-faq-mob.webp\" type=\"image\/webp\">\r\n\t\t\t<source media=\"(max-width: 992px)\" srcset=\"\/tagliacozzo\/wp-content\/uploads\/2025\/12\/asr-faq-992.webp\" type=\"image\/webp\">\r\n\t\t\t<source media=\"(max-width: 1200px)\" srcset=\"\/tagliacozzo\/wp-content\/uploads\/2025\/12\/asr-faq-1200.webp\" type=\"image\/webp\">\r\n\t\t\t<source media=\"(max-width: 1400px)\" srcset=\"\/tagliacozzo\/wp-content\/uploads\/2025\/12\/asr-faq-1400.webp\" type=\"image\/webp\">\r\n\t\t\t<source media=\"(min-width: 1401px)\" srcset=\"\/tagliacozzo\/wp-content\/uploads\/2025\/12\/asr-faq-1920.webp\" type=\"image\/webp\">\r\n\r\n\t\t\t<!-- JPEG -->\r\n\t\t\t<source media=\"(max-width: 576px)\" srcset=\"\/tagliacozzo\/wp-content\/uploads\/2025\/12\/asr-faq-mob.jpg\" type=\"image\/jpeg\">\r\n\t\t\t<source media=\"(max-width: 992px)\" srcset=\"\/tagliacozzo\/wp-content\/uploads\/2025\/12\/asr-faq-992.jpg\" type=\"image\/jpeg\">\r\n\t\t\t<source media=\"(max-width: 1200px)\" srcset=\"\/tagliacozzo\/wp-content\/uploads\/2025\/12\/asr-faq-1200.jpg\" type=\"image\/jpeg\">\r\n\t\t\t<source media=\"(max-width: 1400px)\" srcset=\"\/tagliacozzo\/wp-content\/uploads\/2025\/12\/asr-faq-1400.jpg\" type=\"image\/jpeg\">\r\n\t\t\t<source media=\"(min-width: 1401px)\" srcset=\"\/tagliacozzo\/wp-content\/uploads\/2025\/12\/asr-faq-1920.jpg\" type=\"image\/jpeg\">\r\n\r\n\t\t\t<!-- Fallback -->\r\n\t\t\t<img decoding=\"async\" src=\"\/tagliacozzo\/wp-content\/uploads\/2025\/12\/asr-faq-1920.jpg\" alt=\"AS Roma Camp 2026\">\r\n\t\t<\/picture>\r\n\t<\/div>\r\n\t<div class=\"header-cont\">\r\n\t\t<div class=\"inner-page-title\">\r\n\t\t\t<h1>DOMANDE FREQUENTI<\/h1>\r\n\t\t\t<h2>AS ROMA CAMP TAGLIACOZZO<\/h2>\r\n\t\t<\/div>\r\n\t<\/div>\r\n<\/header>\r\n<div class=\"page-wrapper\">\r\n<section class=\"domande-frequenti\">\r\n\t<div class=\"accordion\" id=\"accordionASR\">\r\n\r\n\t  <!-- Processo di Registrazione -->\r\n\t  <div class=\"accordion-item\">\r\n\t\t<h2 class=\"accordion-header\" id=\"headingOne\">\r\n\t\t  <button class=\"accordion-button\" type=\"button\" data-bs-toggle=\"collapse\" data-bs-target=\"#collapseOne\" aria-expanded=\"true\" aria-controls=\"collapseOne\">\r\n\t\t\tProcesso di Registrazione\r\n\t\t  <\/button>\r\n\t\t<\/h2>\r\n\t\t<div id=\"collapseOne\" class=\"accordion-collapse collapse show\" aria-labelledby=\"headingOne\" data-bs-parent=\"#accordionASR\">\r\n\t\t  <div class=\"accordion-body\">\r\n\t\t\t<h3>Fino a quando si pu\u00f2 effettuare l&#8217;iscrizione?<\/h3>\r\n\t\t\t<p>Le iscrizioni per il Camp sono aperte fino a tutto il mercoled\u00ec della settimana precedente all&#8217;inizio dell&#8217;evento.<strong> Gli spazi disponibili sono limitati e vengono assegnati in base all&#8217;ordine di arrivo delle iscrizioni<\/strong>. Quindi, per assicurarti di avere un posto garantito, ti consigliamo di iscriverti il prima possibile.<\/p>\r\n\t\t\t<h3>Cosa devo ricevere dopo l&#8217;iscrizione?<\/h3>\r\n\t\t\t<p>Dopo aver effettuato l\u2019iscrizione, riceverai la conferma per e-mail, all\u2019indirizzo inserito in fase di registrazione con tutti i dettagli.<\/p>\r\n\t\t\t<h3>Posso cancellare l&#8217;iscrizione ad un Camp?<\/h3>\r\n\t\t\t<p>S\u00ec, \u00e8 possibile cancellare l\u2019iscrizione all&#8217;<strong>AS Roma Camp<\/strong> fino a 20 giorni prima dell\u2019inizio dell\u2019evento per le sole cause di forza maggiore. <u>A partire da 20 giorni prima dell\u2019inizio del Camp, non sar\u00e0 pi\u00f9 possibile procedere alla cancellazione<\/u>.<\/p>\r\n\t\t  <\/div>\r\n\t\t<\/div>\r\n\t  <\/div>\r\n\r\n\t  <!-- Documenti Richiesti -->\r\n\t  <div class=\"accordion-item\">\r\n\t\t<h2 class=\"accordion-header\" id=\"headingTwo\">\r\n\t\t  <button class=\"accordion-button collapsed\" type=\"button\" data-bs-toggle=\"collapse\" data-bs-target=\"#collapseTwo\" aria-expanded=\"false\" aria-controls=\"collapseTwo\">\r\n\t\t\tDocumenti Richiesti\r\n\t\t  <\/button>\r\n\t\t<\/h2>\r\n\t\t<div id=\"collapseTwo\" class=\"accordion-collapse collapse\" aria-labelledby=\"headingTwo\" data-bs-parent=\"#accordionASR\">\r\n\t\t  <div class=\"accordion-body\">\r\n\t\t\t<h3>Quali documenti sono necessari per completare la registrazione?<\/h3>\r\n\t\t\t<ul>\r\n\t\t\t  <li>Copia di un certificato medico di idoneit\u00e0 medico-sportiva agonistica\/non agonistica in corso di validit\u00e0.<\/li>\r\n\t\t\t  <li>La Liberatoria va compilata e firmata.<\/li>\r\n\t\t\t  <li>I documenti d\u2019identit\u00e0 sono richiesti all\u2019entrata e all\u2019uscita dell&#8217;<strong>AS Roma Camp<\/strong>.<\/li>\r\n\t\t\t<\/ul>\r\n\t\t\t<h3>Quale documento deve portare il partecipante il primo giorno dell&#8217;AS Roma Camp?<\/h3>\r\n\t\t\t<ul>\r\n\t\t\t  <li>Certificato medico originale o copia conforme, valido per il periodo dell&#8217;<strong>AS Roma Camp<\/strong>.<\/li>\r\n\t\t\t  <li>La Liberatoria stampata e firmata.<\/li>\r\n\t\t\t  <li>Delega ufficiale firmata con documenti in caso di ritiro da persona diversa dal genitore.<\/li>\r\n\t\t\t<\/ul>\r\n\t\t  <\/div>\r\n\t\t<\/div>\r\n\t  <\/div>\r\n\r\n\t  <!-- AS Roma Staff -->\r\n\t  <div class=\"accordion-item\">\r\n\t\t<h2 class=\"accordion-header\" id=\"headingThree\">\r\n\t\t  <button class=\"accordion-button collapsed\" type=\"button\" data-bs-toggle=\"collapse\" data-bs-target=\"#collapseThree\" aria-expanded=\"false\" aria-controls=\"collapseThree\">\r\n\t\t\tAS Roma Staff\r\n\t\t  <\/button>\r\n\t\t<\/h2>\r\n\t\t<div id=\"collapseThree\" class=\"accordion-collapse collapse\" aria-labelledby=\"headingThree\" data-bs-parent=\"#accordionASR\">\r\n\t\t  <div class=\"accordion-body\">\r\n\t\t\t<h3>Quali sono le qualifiche degli allenatori dell\u2019AS Roma Camp?<\/h3>\r\n\t\t\t<ul>\r\n\t\t\t  <li>Tutti gli allenatori sono riconosciuti dalla Federazione Italiana Giuoco Calcio e\/o sono laureati in Scienze Motorie.<\/li>\r\n\t\t\t  <li>La <strong>sicurezza<\/strong> e il <strong>benessere<\/strong> di ogni partecipante sono la priorit\u00e0 pi\u00f9 alta presso gli <strong>AS Roma Camp<\/strong>.<\/li>\r\n\t\t\t<\/ul>\r\n\t\t  <\/div>\r\n\t\t<\/div>\r\n\t  <\/div>\r\n\r\n\t  <!-- Informazioni sull'AS Roma Camp -->\r\n\t  <div class=\"accordion-item\">\r\n\t\t<h2 class=\"accordion-header\" id=\"headingFour\">\r\n\t\t  <button class=\"accordion-button collapsed\" type=\"button\" data-bs-toggle=\"collapse\" data-bs-target=\"#collapseFour\" aria-expanded=\"false\" aria-controls=\"collapseFour\">\r\n\t\t\tInformazioni sull&#8217;AS Roma Camp\r\n\t\t  <\/button>\r\n\t\t<\/h2>\r\n\t\t<div id=\"collapseFour\" class=\"accordion-collapse collapse\" aria-labelledby=\"headingFour\" data-bs-parent=\"#accordionASR\">\r\n\t\t  <div class=\"accordion-body\">\r\n\t\t\t<h3>Come genitore\/accompagnatore, potr\u00f2 assistere alle sessioni di allenamento di mio\/a figlio\/a?<\/h3>\r\n\t\t\t<p>Le misure di sicurezza non prevedono l\u2019ingresso di genitori e\/o accompagnatori all\u2019interno delle strutture.<\/p>\r\n\t\t\t<h3>Mio\/a figlio\/a pu\u00f2 essere accompagnato\/ripreso da persona diversa da un genitore?<\/h3>\r\n\t\t\t<p>S\u00ec, \u00e8 possibile, purch\u00e9 sia stata consegnata la Delega ufficiale scritta e firmata, accompagnata dai documenti delle persone interessate.<\/p>\r\n\t\t  <\/div>\r\n\t\t<\/div>\r\n\t  <\/div>\r\n\r\n\t  <!-- Domande Generali -->\r\n\t  <div class=\"accordion-item\">\r\n\t\t<h2 class=\"accordion-header\" id=\"headingFive\">\r\n\t\t  <button class=\"accordion-button collapsed\" type=\"button\" data-bs-toggle=\"collapse\" data-bs-target=\"#collapseFive\" aria-expanded=\"false\" aria-controls=\"collapseFive\">\r\n\t\t\tDomande Generali\r\n\t\t  <\/button>\r\n\t\t<\/h2>\r\n\t\t<div id=\"collapseFive\" class=\"accordion-collapse collapse\" aria-labelledby=\"headingFive\" data-bs-parent=\"#accordionASR\">\r\n\t\t  <div class=\"accordion-body\">\r\n\t\t\t<h3>Le ragazze possono partecipare al Camp?<\/h3>\r\n\t\t\t<p>Certamente! Tutte le ragazze di et\u00e0 compresa tra i 6 e i 15 anni sono benvenute all&#8217;<strong>AS Roma Camp<\/strong>.<\/p>\r\n\t\t\t<h3>Mio\/a figlio\/a non gioca a calcio per nessuna societ\u00e0. Pu\u00f2 partecipare lo stesso?<\/h3>\r\n\t\t\t<p>Gli <strong>AS Roma Camp<\/strong> sono aperti a tutti i bambini e le bambine di et\u00e0 compresa tra i 6 e i 15 anni, indipendentemente dalla precedente esperienza calcistica.<\/p>\r\n\t\t  <\/div>\r\n\t\t<\/div>\r\n\t  <\/div>\r\n\t<\/div>\r\n<\/section>\r\n<\/div>","protected":false},"excerpt":{"rendered":"<p>DOMANDE FREQUENTI AS ROMA CAMP TAGLIACOZZO Processo di Registrazione Fino a quando si pu\u00f2 effettuare l&#8217;iscrizione? Le iscrizioni per il Camp sono aperte fino a tutto il mercoled\u00ec della settimana precedente all&#8217;inizio dell&#8217;evento. Gli spazi disponibili sono limitati e vengono assegnati in base all&#8217;ordine di arrivo delle iscrizioni. Quindi, per assicurarti di avere un posto [&hellip;]<\/p>\n","protected":false},"author":1,"featured_media":0,"parent":0,"menu_order":0,"comment_status":"closed","ping_status":"closed","template":"","meta":{"footnotes":""},"class_list":["post-84","page","type-page","status-publish","hentry"],"yoast_head":"<!-- This site is optimized with the Yoast SEO plugin v27.3 - https:\/\/yoast.com\/product\/yoast-seo-wordpress\/ -->\n<title>AS Roma Camp 2026 | Domande Frequenti<\/title>\n<meta name=\"description\" content=\"Domande frequenti per gli iscritti agli AS Roma Camp 2026. Informazioni per l&#039;iscrizione, sui documenti necessari e sullo staff As Roma Camp.\" \/>\n<meta name=\"robots\" content=\"index, follow, max-snippet:-1, max-image-preview:large, max-video-preview:-1\" \/>\n<link rel=\"canonical\" href=\"https:\/\/asromacamp.it\/tagliacozzo\/domande-frequenti\/\" \/>\n<meta property=\"og:locale\" content=\"it_IT\" \/>\n<meta property=\"og:type\" content=\"article\" \/>\n<meta property=\"og:title\" content=\"AS Roma Camp 2026 | Domande Frequenti\" \/>\n<meta property=\"og:description\" content=\"Domande frequenti per gli iscritti agli AS Roma Camp 2026. Informazioni per l&#039;iscrizione, sui documenti necessari e sullo staff As Roma Camp.\" \/>\n<meta property=\"og:url\" content=\"https:\/\/asromacamp.it\/tagliacozzo\/domande-frequenti\/\" \/>\n<meta property=\"og:site_name\" content=\"AS Roma Camp 2026 | Tagliacozzo\" \/>\n<meta property=\"article:publisher\" content=\"https:\/\/www.facebook.com\/taliaacademy\/followers?locale=it_IT\" \/>\n<meta property=\"article:modified_time\" content=\"2026-01-15T10:52:47+00:00\" \/>\n<meta name=\"twitter:card\" content=\"summary_large_image\" \/>\n<meta name=\"twitter:label1\" content=\"Tempo di lettura stimato\" \/>\n\t<meta name=\"twitter:data1\" content=\"3 minuti\" \/>\n<script type=\"application\/ld+json\" class=\"yoast-schema-graph\">{\"@context\":\"https:\\\/\\\/schema.org\",\"@graph\":[{\"@type\":\"WebPage\",\"@id\":\"https:\\\/\\\/asromacamp.it\\\/tagliacozzo\\\/domande-frequenti\\\/\",\"url\":\"https:\\\/\\\/asromacamp.it\\\/tagliacozzo\\\/domande-frequenti\\\/\",\"name\":\"AS Roma Camp 2026 | Domande Frequenti\",\"isPartOf\":{\"@id\":\"https:\\\/\\\/asromacamp.it\\\/tagliacozzo\\\/#website\"},\"datePublished\":\"2024-11-20T15:02:32+00:00\",\"dateModified\":\"2026-01-15T10:52:47+00:00\",\"description\":\"Domande frequenti per gli iscritti agli AS Roma Camp 2026. Informazioni per l'iscrizione, sui documenti necessari e sullo staff As Roma Camp.\",\"inLanguage\":\"it-IT\",\"potentialAction\":[{\"@type\":\"ReadAction\",\"target\":[\"https:\\\/\\\/asromacamp.it\\\/tagliacozzo\\\/domande-frequenti\\\/\"]}]},{\"@type\":\"WebSite\",\"@id\":\"https:\\\/\\\/asromacamp.it\\\/tagliacozzo\\\/#website\",\"url\":\"https:\\\/\\\/asromacamp.it\\\/tagliacozzo\\\/\",\"name\":\"AS Roma Camp 2026 | Tagliacozzo\",\"description\":\"\",\"publisher\":{\"@id\":\"https:\\\/\\\/asromacamp.it\\\/tagliacozzo\\\/#organization\"},\"potentialAction\":[{\"@type\":\"SearchAction\",\"target\":{\"@type\":\"EntryPoint\",\"urlTemplate\":\"https:\\\/\\\/asromacamp.it\\\/tagliacozzo\\\/?s={search_term_string}\"},\"query-input\":{\"@type\":\"PropertyValueSpecification\",\"valueRequired\":true,\"valueName\":\"search_term_string\"}}],\"inLanguage\":\"it-IT\"},{\"@type\":\"Organization\",\"@id\":\"https:\\\/\\\/asromacamp.it\\\/tagliacozzo\\\/#organization\",\"name\":\"AS Roma Camp 2026 | Tagliacozzo\",\"url\":\"https:\\\/\\\/asromacamp.it\\\/tagliacozzo\\\/\",\"logo\":{\"@type\":\"ImageObject\",\"inLanguage\":\"it-IT\",\"@id\":\"https:\\\/\\\/asromacamp.it\\\/tagliacozzo\\\/#\\\/schema\\\/logo\\\/image\\\/\",\"url\":\"https:\\\/\\\/asromacamp.it\\\/tagliacozzo\\\/wp-content\\\/uploads\\\/2024\\\/11\\\/cropped-asroma-favicon.png\",\"contentUrl\":\"https:\\\/\\\/asromacamp.it\\\/tagliacozzo\\\/wp-content\\\/uploads\\\/2024\\\/11\\\/cropped-asroma-favicon.png\",\"width\":512,\"height\":512,\"caption\":\"AS Roma Camp 2026 | Tagliacozzo\"},\"image\":{\"@id\":\"https:\\\/\\\/asromacamp.it\\\/tagliacozzo\\\/#\\\/schema\\\/logo\\\/image\\\/\"},\"sameAs\":[\"https:\\\/\\\/www.facebook.com\\\/taliaacademy\\\/followers?locale=it_IT\"]}]}<\/script>\n<!-- \/ Yoast SEO plugin. -->","yoast_head_json":{"title":"AS Roma Camp 2026 | Domande Frequenti","description":"Domande frequenti per gli iscritti agli AS Roma Camp 2026. Informazioni per l'iscrizione, sui documenti necessari e sullo staff As Roma Camp.","robots":{"index":"index","follow":"follow","max-snippet":"max-snippet:-1","max-image-preview":"max-image-preview:large","max-video-preview":"max-video-preview:-1"},"canonical":"https:\/\/asromacamp.it\/tagliacozzo\/domande-frequenti\/","og_locale":"it_IT","og_type":"article","og_title":"AS Roma Camp 2026 | Domande Frequenti","og_description":"Domande frequenti per gli iscritti agli AS Roma Camp 2026. Informazioni per l'iscrizione, sui documenti necessari e sullo staff As Roma Camp.","og_url":"https:\/\/asromacamp.it\/tagliacozzo\/domande-frequenti\/","og_site_name":"AS Roma Camp 2026 | Tagliacozzo","article_publisher":"https:\/\/www.facebook.com\/taliaacademy\/followers?locale=it_IT","article_modified_time":"2026-01-15T10:52:47+00:00","twitter_card":"summary_large_image","twitter_misc":{"Tempo di lettura stimato":"3 minuti"},"schema":{"@context":"https:\/\/schema.org","@graph":[{"@type":"WebPage","@id":"https:\/\/asromacamp.it\/tagliacozzo\/domande-frequenti\/","url":"https:\/\/asromacamp.it\/tagliacozzo\/domande-frequenti\/","name":"AS Roma Camp 2026 | Domande Frequenti","isPartOf":{"@id":"https:\/\/asromacamp.it\/tagliacozzo\/#website"},"datePublished":"2024-11-20T15:02:32+00:00","dateModified":"2026-01-15T10:52:47+00:00","description":"Domande frequenti per gli iscritti agli AS Roma Camp 2026. Informazioni per l'iscrizione, sui documenti necessari e sullo staff As Roma Camp.","inLanguage":"it-IT","potentialAction":[{"@type":"ReadAction","target":["https:\/\/asromacamp.it\/tagliacozzo\/domande-frequenti\/"]}]},{"@type":"WebSite","@id":"https:\/\/asromacamp.it\/tagliacozzo\/#website","url":"https:\/\/asromacamp.it\/tagliacozzo\/","name":"AS Roma Camp 2026 | Tagliacozzo","description":"","publisher":{"@id":"https:\/\/asromacamp.it\/tagliacozzo\/#organization"},"potentialAction":[{"@type":"SearchAction","target":{"@type":"EntryPoint","urlTemplate":"https:\/\/asromacamp.it\/tagliacozzo\/?s={search_term_string}"},"query-input":{"@type":"PropertyValueSpecification","valueRequired":true,"valueName":"search_term_string"}}],"inLanguage":"it-IT"},{"@type":"Organization","@id":"https:\/\/asromacamp.it\/tagliacozzo\/#organization","name":"AS Roma Camp 2026 | Tagliacozzo","url":"https:\/\/asromacamp.it\/tagliacozzo\/","logo":{"@type":"ImageObject","inLanguage":"it-IT","@id":"https:\/\/asromacamp.it\/tagliacozzo\/#\/schema\/logo\/image\/","url":"https:\/\/asromacamp.it\/tagliacozzo\/wp-content\/uploads\/2024\/11\/cropped-asroma-favicon.png","contentUrl":"https:\/\/asromacamp.it\/tagliacozzo\/wp-content\/uploads\/2024\/11\/cropped-asroma-favicon.png","width":512,"height":512,"caption":"AS Roma Camp 2026 | Tagliacozzo"},"image":{"@id":"https:\/\/asromacamp.it\/tagliacozzo\/#\/schema\/logo\/image\/"},"sameAs":["https:\/\/www.facebook.com\/taliaacademy\/followers?locale=it_IT"]}]}},"_links":{"self":[{"href":"https:\/\/asromacamp.it\/tagliacozzo\/wp-json\/wp\/v2\/pages\/84","targetHints":{"allow":["GET"]}}],"collection":[{"href":"https:\/\/asromacamp.it\/tagliacozzo\/wp-json\/wp\/v2\/pages"}],"about":[{"href":"https:\/\/asromacamp.it\/tagliacozzo\/wp-json\/wp\/v2\/types\/page"}],"author":[{"embeddable":true,"href":"https:\/\/asromacamp.it\/tagliacozzo\/wp-json\/wp\/v2\/users\/1"}],"replies":[{"embeddable":true,"href":"https:\/\/asromacamp.it\/tagliacozzo\/wp-json\/wp\/v2\/comments?post=84"}],"version-history":[{"count":15,"href":"https:\/\/asromacamp.it\/tagliacozzo\/wp-json\/wp\/v2\/pages\/84\/revisions"}],"predecessor-version":[{"id":333,"href":"https:\/\/asromacamp.it\/tagliacozzo\/wp-json\/wp\/v2\/pages\/84\/revisions\/333"}],"wp:attachment":[{"href":"https:\/\/asromacamp.it\/tagliacozzo\/wp-json\/wp\/v2\/media?parent=84"}],"curies":[{"name":"wp","href":"https:\/\/api.w.org\/{rel}","templated":true}]}}