{"id":3,"date":"2024-11-07T16:42:19","date_gmt":"2024-11-07T15:42:19","guid":{"rendered":"https:\/\/asromacamp.it\/tagliacozzo\/?page_id=3"},"modified":"2025-12-15T17:30:23","modified_gmt":"2025-12-15T16:30:23","slug":"privacy-policy","status":"publish","type":"page","link":"https:\/\/asromacamp.it\/tagliacozzo\/privacy-policy\/","title":{"rendered":"Privacy Policy"},"content":{"rendered":"<header>\r\n\t<div class=\"img-cont\">\r\n\t\t<picture>\r\n\t\t\t<!-- WebP -->\r\n\t\t\t<source media=\"(max-width: 576px)\" srcset=\"\/tagliacozzo\/wp-content\/uploads\/2025\/12\/asr-faq-mob.webp\" type=\"image\/webp\">\r\n\t\t\t<source media=\"(max-width: 992px)\" srcset=\"\/tagliacozzo\/wp-content\/uploads\/2025\/12\/asr-faq-992.webp\" type=\"image\/webp\">\r\n\t\t\t<source media=\"(max-width: 1200px)\" srcset=\"\/tagliacozzo\/wp-content\/uploads\/2025\/12\/asr-faq-1200.webp\" type=\"image\/webp\">\r\n\t\t\t<source media=\"(max-width: 1400px)\" srcset=\"\/tagliacozzo\/wp-content\/uploads\/2025\/12\/asr-faq-1400.webp\" type=\"image\/webp\">\r\n\t\t\t<source media=\"(min-width: 1401px)\" srcset=\"\/tagliacozzo\/wp-content\/uploads\/2025\/12\/asr-faq-1920.webp\" type=\"image\/webp\">\r\n\r\n\t\t\t<!-- JPEG -->\r\n\t\t\t<source media=\"(max-width: 576px)\" srcset=\"\/tagliacozzo\/wp-content\/uploads\/2025\/12\/asr-faq-mob.jpg\" type=\"image\/jpeg\">\r\n\t\t\t<source media=\"(max-width: 992px)\" srcset=\"\/tagliacozzo\/wp-content\/uploads\/2025\/12\/asr-faq-992.jpg\" type=\"image\/jpeg\">\r\n\t\t\t<source media=\"(max-width: 1200px)\" srcset=\"\/tagliacozzo\/wp-content\/uploads\/2025\/12\/asr-faq-1200.jpg\" type=\"image\/jpeg\">\r\n\t\t\t<source media=\"(max-width: 1400px)\" srcset=\"\/tagliacozzo\/wp-content\/uploads\/2025\/12\/asr-faq-1400.jpg\" type=\"image\/jpeg\">\r\n\t\t\t<source media=\"(min-width: 1401px)\" srcset=\"\/tagliacozzo\/wp-content\/uploads\/2025\/12\/asr-faq-1920.jpg\" type=\"image\/jpeg\">\r\n\r\n\t\t\t<!-- Fallback -->\r\n\t\t\t<img decoding=\"async\" src=\"\/tagliacozzo\/wp-content\/uploads\/2025\/12\/asr-faq-1920.jpg\" alt=\"AS Roma Camp 2026\">\r\n\t\t<\/picture>\r\n\t<\/div>\r\n\t<div class=\"header-cont\">\r\n\t\t<div class=\"inner-page-title\">\r\n\t\t\t<h1>PRIVACY POLICY<\/h1>\r\n\t\t\t<h2>AS ROMA CAMP TAGLIACOZZO<\/h2>\r\n\t\t<\/div>\r\n\t<\/div>\r\n<\/header>\r\n<div class=\"page-wrapper\">\r\n<strong>INTRODUZIONE<\/strong>\r\n<hr \/>\r\nLa presente Informativa ha lo scopo di informare l&#8217;utente circa le modalit\u00e0 di trattamento dei dati personali che lo riguardano.\r\n\r\nASD Talia Academy, in linea con il D.lgs. 196\/2003 (di seguito &#8220;Codice Privacy&#8221;) e il Regolamento (UE) 2016\/679 (di seguito &#8220;GDPR&#8221;), intende garantire la privacy e la sicurezza dei dati personali di ciascun visitatore coerentemente con quanto prescritto nella presente Informativa.\r\n\r\nLa presente Informativa \u00e8 da intendersi quale informativa ai sensi dell&#8217;art. 13 del Codice Privacy e degli artt. 13 e 14 del GDPR.\r\n<div class=\"row p-3\">\r\n<div class=\"col-12\">\r\n\r\n<strong>TIPOLOGIA DEI DATI TRATTATI<\/strong>\r\n\r\n<hr \/>\r\n\r\nIl sito web offre contenuti di tipo informativo e, talvolta, interattivo. Durante la navigazione del sito ASD Talia Academy potr\u00e0, quindi, acquisire informazioni sul visitatore, nei seguenti modi:\r\n\r\n<\/div>\r\n<\/div>\r\n<div class=\"row p-3\">\r\n<div class=\"col-md-6\"><b>Dati di navigazione<\/b>\r\nI sistemi informatici e le procedure software preposte al funzionamento di questo sito web acquisiscono, nel corso del loro normale esercizio, alcuni dati personali la cui trasmissione \u00e8 implicita nell&#8217;uso dei protocolli di comunicazione di Internet. In questa categoria di dati rientrano: gli indirizzi IP, il tipo di browser utilizzato, il sistema operativo, il nome di dominio e gli indirizzi di siti web dai quali \u00e8 stato effettuato l&#8217;accesso, le informazioni sulle pagine visitate dagli utenti all&#8217;interno del sito, l&#8217;orario d&#8217;accesso, la permanenza sulla singola pagina, l&#8217;analisi di percorso interno ed altri parametri relativi al sistema operativo e all&#8217;ambiente informatico dell&#8217;utente.<\/div>\r\n<div class=\"col-md-6\"><b>Ulteriori categorie di dati<\/b>\r\nSi tratta di tutti quei dati personali forniti dal visitatore attraverso il sito, ad esempio, registrandosi e\/o accedendo ad una area riservata e\/o ad un servizio e\/o partecipando a una delle iniziative lanciate da ASD TALIA ACADEMY da sola o in partnership con soggetti terzi, scrivendo ad un indirizzo di posta elettronica di ASD Talia Academy per richiedere informazioni oppure telefonando ad un nostro telefonico per avere un contatto diretto con il servizio clienti.<\/div>\r\n<\/div>\r\n<div class=\"row p-3\">\r\n<div class=\"col-12\">\r\n\r\n<strong>FINALIT\u00c0 DEL TRATTAMENTO<\/strong>\r\n\r\n<hr \/>\r\n\r\n<\/div>\r\n<\/div>\r\n<div class=\"row p-3\">\r\n<div class=\"col-md-6\"><b>FINALIT\u00c0<\/b>\r\nFornire il bene e\/o il servizio richiesto dall&#8217;utente, gestire i contratti perfezionati dall&#8217;utente, espletare i relativi adempimenti amministrativi, contabili, fiscali e legali, nonch\u00e8 evadere le richieste inoltrate dall&#8217;utente.Rilevare la sua esperienza d&#8217;uso delle nostre piattaforme, dei prodotti e servizi che offriamo e assicurare il corretto funzionamento delle pagine web e dei loro contenuti.Inviarle comunicazioni commerciali relative a promozioni e\/o offerte per le quali potrebbe aver diritto a beneficiare, nell&#8217;interesse del Titolare.\r\n\r\nSvolgere attivit\u00e0 di profilazione ossia di analisi e elaborazione di informazioni relative all&#8217;utente, alle sue preferenze, abitudini, scelte di consumo e\/o esperienze di navigazione. Tale attivit\u00e0 viene effettuata anche mediante l&#8217;utilizzo di tecnologie quali i cookie (per maggiori informazioni si rimanda al paragrafo 14 della presente Informativa &#8220;Cookie Policy&#8221;).\r\n\r\n<\/div>\r\n<div class=\"col-md-6\">\r\n\r\n<b>BASE GIURIDICA<\/b>I trattamenti posti in essere per queste finalit\u00e0 sono necessari per l&#8217;adempimento di obblighi contrattuali e non necessitano di uno specifico consenso da parte dell&#8217;interessato.\r\n\r\nI trattamenti posti in essere per queste finalit\u00e0 si basano su un legittimo interesse del Titolare.\r\n\r\nI trattamenti posti in essere per queste finalit\u00e0 vengono effettuati con lo specifico consenso fornito dall&#8217;utente, fatta eccezione per le comunicazioni commerciali relative a prodotti e\/o servizi analoghi a quelli gi\u00e0 acquistati e\/o sottoscritti dall&#8217;utente per le quali il trattamento si basa su un legittimo interesse del Titolare.\r\n\r\n<\/div>\r\n<\/div>\r\n<div class=\"row p-3\">\r\n<div class=\"col-12\">\r\n\r\n<strong>AMBITO DI CIRCOLAZIONE DEI DATI<\/strong>\r\n\r\n<hr \/>\r\n\r\nPer finalit\u00e0 amministrative, la informiamo che i suoi dati potrebbero essere comunicati dal Titolare ad altre societ\u00e0 operanti con la Titolare.\r\nInoltre, previo suo consenso, i suoi dati potranno essere comunicati a Societ\u00e0 terze operanti nei seguenti settori con le quali ASD TALIA ACADEMY potrebbe concludere accordi di partnership: piattaforme di social networking e piattaforme interattive, organizzazioni umanitarie e benefiche, nonch\u00e8 di telecomunicazione, per finalit\u00e0 commerciali e\/o promozionali.\r\n\r\n<\/div>\r\n<\/div>\r\n<div class=\"row p-3\">\r\n<div class=\"col-12\">\r\n\r\n<strong>TRASFERIMENTO DEI DATI EXTRA UE<\/strong>\r\n\r\n<hr \/>\r\n\r\nAi sensi dell&#8217;art. 43 del Codice Privacy e dell&#8217;art. 44 del GDPR, la Titolare potrebbe trasferire i suoi dati personali a Terze Parti ubicate in Stati non appartenenti all&#8217;Unione Europea ovvero allo Spazio Economico Europeo.\r\nIn tale circostanza la Titolare assicura l&#8217;adozione di adeguate garanzie (come la sottoscrizione di clausole contrattuali standard approvate dalla Commissione UE) con la societ\u00e0 estera ricevente i dati; tali clausole garantiscono un livello di protezione dei dati corrispondente a quello sancito dalla normativa europea.\r\n\r\n<\/div>\r\n<\/div>\r\n<div class=\"row p-3\">\r\n<div class=\"col-12\">\r\n\r\n<strong>RUOLI E RESPONSABILIT\u00c0 IN AMBITO PRIVACY<\/strong>\r\n\r\n<hr \/>\r\n\r\nI suoi dati personali sono trattati da ASD TALIA ACADEMY in qualit\u00e0 di Titolare del trattamento.\r\nInformazioni pi\u00f9 dettagliate sui nominativi dei Responsabili del trattamento potranno essere richieste inviando una mail al seguente indirizzo:\r\ninfo@asromacamp.it.\r\n\r\n<\/div>\r\n<\/div>\r\n<div class=\"row p-3\">\r\n<div class=\"col-12\">\r\n\r\n<strong>MODALIT\u00c0 TRATTAMENTO DATI<\/strong>\r\n\r\n<hr \/>\r\n\r\nIl trattamento dei dati personali viene effettuato prevalentemente utilizzando procedure e supporti elettronici (DB, piattaforme di CRM, ecc.) per il tempo strettamente necessario a conseguire gli scopi per i quali i dati sono stati raccolti e, comunque, in conformit\u00e0 ai principi di liceit\u00e0, correttezza, non eccedenza e pertinenza previsti dalla vigente normativa privacy.\r\n\r\n<\/div>\r\n<\/div>\r\n<div class=\"row p-3\">\r\n<div class=\"col-12\">\r\n\r\n<strong>REDIRECT VERSO SITI ESTERNI<\/strong>\r\n\r\n<hr \/>\r\n\r\nIl sito web pu\u00f2 utilizzare i c.d. social plug-in. I social plug-in sono speciali strumenti che permettono di incorporare le funzionalit\u00e0 del social network direttamente all&#8217;interno del sito web (ad es. la funzione &#8220;mi piace&#8221; di Facebook).\r\nTutti i social plug-in presenti nel sito sono contrassegnati dal rispettivo logo di propriet\u00e0 della piattaforma di social network (ad es. Facebook, Google, Twitter, Linkedin, etc.).\r\nQuando si visita una pagina del nostro sito e si interagisce con il plug-in (ad es. cliccando il pulsante &#8220;Mi piace&#8221;) o si decide di lasciare un commento, le corrispondenti informazioni vengono trasmesse dal browser direttamente alla piattaforma di social network e da questo memorizzate.\r\nPer informazioni sulle finalit\u00e0, il tipo e le modalit\u00e0 di raccolta, elaborazione, utilizzo e conservazione dei dati personali da parte della piattaforma di social network, nonch\u00e8 per le modalit\u00e0 attraverso cui esercitare i propri diritti, si prega di consultare la politica privacy adottata dal singolo social network.\r\n\r\n<\/div>\r\n<\/div>\r\n<div class=\"row p-3\">\r\n<div class=\"col-12\">\r\n\r\n<strong>COLLEGAMENTO VERSO\/DA SITI TERZI<\/strong>\r\n\r\n<hr \/>\r\n\r\nDa questo sito web \u00e8 possibile collegarsi, mediante appositi link, verso altri siti web di societ\u00e0 del Titolare ovvero \u00e8 possibile da siti web di terzi connettersi al nostro sito web.\r\nIl Titolare declina qualsiasi responsabilit\u00e0 in merito all&#8217;eventuale richiesta e\/o rilascio di dati personali a siti terzi e in ordine alla gestione delle credenziali di autenticazione fornite da soggetti terzi.\r\n\r\n<\/div>\r\n<\/div>\r\n<div class=\"row p-3\">\r\n<div class=\"col-12\">\r\n\r\n<strong>CONSERVAZIONE DEI DATI<\/strong>\r\n\r\n<hr \/>\r\n\r\nLa informiamo che i dati relativi ai log di navigazione, qualora registrati, saranno conservati dal Titolare per un periodo pari a 12 mesi.\r\nLa informiamo, inoltre, che i dati da lei forniti saranno trattati per tutta la durata del rapporto contrattuale tra di noi in essere e ulteriormente conservati esclusivamente per il periodo previsto per l&#8217;adempimento di obblighi di legge, sempre che non risulti necessario conservarli ulteriormente per difendere o far valere un diritto o per adempiere a eventuali ulteriori obblighi di legge o ordini delle Autorit\u00e0.\r\n\r\n<\/div>\r\n<\/div>\r\n<div class=\"row p-3\">\r\n<div class=\"col-12\">\r\n\r\n<strong>DIRITTI DEGLI INTERESSATI<\/strong>\r\n\r\n<hr \/>\r\n\r\nI soggetti cui si riferiscono i sopra citati dati personali (c.d. &#8220;interessati&#8221;), hanno la facolt\u00e0 di esercitare i propri diritti secondo le modalit\u00e0 e nei limiti previsti dalla vigente normativa privacy.\r\n\r\nIn relazione al trattamento dei suoi dati personali, ha diritto di chiedere a ASD TALIA ACADEMY:\r\n<ul>\r\n \t<li><b>l&#8217;accesso<\/b>: pu\u00f2 chiedere conferma che sia o meno in essere un trattamento di dati che la riguardano, oltre a maggiori chiarimenti circa le informazioni di cui alla presente Informativa, nonch\u00e8 di ricevere i dati stessi, nei limiti della ragionevolezza;<\/li>\r\n \t<li><b>la rettifica<\/b>: pu\u00f2 chiedere di rettificare o integrare i dati che ci ha fornito o comunque in nostro possesso, qualora inesatti;<\/li>\r\n \t<li><b>la cancellazione\/oblio<\/b>: pu\u00f2 chiedere che i suoi dati acquisiti o trattati da ASD TALIA ACADEMY vengano cancellati, qualora non siano pi\u00f9 necessari alle nostre finalit\u00e0 o laddove non vi siano contestazioni o controversie in essere, in caso di revoca del consenso o sua opposizione al trattamento, in caso di trattamento illecito, ovvero qualora sussista un obbligo legale di cancellazione;<\/li>\r\n \t<li><b>la limitazione<\/b>: pu\u00f2 chiedere la limitazione del trattamento dei suoi dati personali, quando ricorre una delle condizioni di cui all&#8217;art. 18 del GDPR; in tal caso, i suoi dati non saranno trattati, salvo che per la conservazione, senza il suo consenso fatta eccezione per quanto esplicitato nel medesimo articolo al comma 2;<\/li>\r\n \t<li><b>l&#8217;opposizione<\/b>: pu\u00f2 opporsi in qualunque momento al trattamento dei suoi dati sulla base di un nostro legittimo interesse, salvo che vi siano nostri motivi legittimi per procedere al trattamento che prevalgano sui suoi, per esempio per l&#8217;esercizio o la nostra difesa in sede giudiziaria; la sua opposizione prevarr\u00e0 sempre e comunque sul nostro interesse legittimo a trattare i suoi dati per finalit\u00e0 di marketing;<\/li>\r\n \t<li><b>la portabilit\u00e0<\/b>: pu\u00f2 chiedere di ricevere i suoi dati, o di farli trasmettere ad altro titolare da lei indicato, in un formato strutturato, di uso comune e leggibile da dispositivo automatico.<\/li>\r\n<\/ul>\r\nInoltre, ai sensi dell&#8217;art. 7, par. 3, GDPR, la informiamo che pu\u00f2 esercitare in qualsiasi momento il suo diritto di revoca del consenso, senza che venga pregiudicata la liceit\u00e0 del trattamento basata sul consenso prestato antecedentemente.\r\nInfine, la informiamo che ha diritto di proporre reclamo dinanzi all&#8217;Autorit\u00e0 di Controllo, che in Italia \u00e8 il Garante per la Protezione dei Dati Personali.\r\n\r\nPer esercitare tali diritti inviare una mail a info@asromacamp.it.\r\nLe comunichiamo, inoltre, che \u00e8 possibile inoltrare le sue richieste anche via posta, scrivendo al Titolare del Trattamento, ASD TALIA ACADEMY, con sede in Localit\u00e0 Coragrossa, 67069 &#8211; Tagliacozzo(AQ), specificando l&#8217;oggetto della richiesta.\r\n\r\n<\/div>\r\n<\/div>\r\n<div class=\"row p-3\">\r\n<div class=\"col-12\">\r\n\r\n<strong>MODIFICHE ALL&#8217;INFORMATIVA<\/strong>\r\n\r\n<hr \/>\r\n\r\nL&#8217;eventuale entrata in vigore di nuove normative di settore, come anche il costante esame ed aggiornamento dei servizi all&#8217;utente, potrebbe comportare la necessit\u00e0 di modificare le modalit\u00e0 e i termini descritti nella presente Informativa. \u00c8 pertanto possibile che tale documento subisca modifiche nel tempo. La invitiamo, pertanto, a consultare periodicamente questa pagina.\r\nPubblicheremo eventuali modifiche alla presente Informativa in questa pagina e, qualora le modifiche fossero rilevanti, provvederemo a segnalargliele con una notifica pi\u00f9 visibile.\r\nLe versioni precedenti della presente Informativa saranno, in ogni caso, archiviate per consentirne la consultazione.\r\n\r\n<\/div>\r\n<\/div>\r\n<\/div>","protected":false},"excerpt":{"rendered":"<p>PRIVACY POLICY AS ROMA CAMP TAGLIACOZZO INTRODUZIONE La presente Informativa ha lo scopo di informare l&#8217;utente circa le modalit\u00e0 di trattamento dei dati personali che lo riguardano. ASD Talia Academy, in linea con il D.lgs. 196\/2003 (di seguito &#8220;Codice Privacy&#8221;) e il Regolamento (UE) 2016\/679 (di seguito &#8220;GDPR&#8221;), intende garantire la privacy e la sicurezza [&hellip;]<\/p>\n","protected":false},"author":1,"featured_media":0,"parent":0,"menu_order":0,"comment_status":"closed","ping_status":"open","template":"","meta":{"footnotes":""},"class_list":["post-3","page","type-page","status-publish","hentry"],"yoast_head":"<!-- This site is optimized with the Yoast SEO plugin v27.3 - https:\/\/yoast.com\/product\/yoast-seo-wordpress\/ -->\n<title>Privacy Policy - AS Roma Camp 2026 | Tagliacozzo<\/title>\n<meta name=\"robots\" content=\"index, follow, max-snippet:-1, max-image-preview:large, max-video-preview:-1\" \/>\n<link rel=\"canonical\" href=\"https:\/\/asromacamp.it\/tagliacozzo\/privacy-policy\/\" \/>\n<meta property=\"og:locale\" content=\"it_IT\" \/>\n<meta property=\"og:type\" content=\"article\" \/>\n<meta property=\"og:title\" content=\"Privacy Policy - AS Roma Camp 2026 | Tagliacozzo\" \/>\n<meta property=\"og:description\" content=\"PRIVACY POLICY AS ROMA CAMP TAGLIACOZZO INTRODUZIONE La presente Informativa ha lo scopo di informare l&#8217;utente circa le modalit\u00e0 di trattamento dei dati personali che lo riguardano. ASD Talia Academy, in linea con il D.lgs. 196\/2003 (di seguito &#8220;Codice Privacy&#8221;) e il Regolamento (UE) 2016\/679 (di seguito &#8220;GDPR&#8221;), intende garantire la privacy e la sicurezza [&hellip;]\" \/>\n<meta property=\"og:url\" content=\"https:\/\/asromacamp.it\/tagliacozzo\/privacy-policy\/\" \/>\n<meta property=\"og:site_name\" content=\"AS Roma Camp 2026 | Tagliacozzo\" \/>\n<meta property=\"article:publisher\" content=\"https:\/\/www.facebook.com\/taliaacademy\/followers?locale=it_IT\" \/>\n<meta property=\"article:modified_time\" content=\"2025-12-15T16:30:23+00:00\" \/>\n<meta name=\"twitter:card\" content=\"summary_large_image\" \/>\n<meta name=\"twitter:label1\" content=\"Tempo di lettura stimato\" \/>\n\t<meta name=\"twitter:data1\" content=\"9 minuti\" \/>\n<script type=\"application\/ld+json\" class=\"yoast-schema-graph\">{\"@context\":\"https:\\\/\\\/schema.org\",\"@graph\":[{\"@type\":\"WebPage\",\"@id\":\"https:\\\/\\\/asromacamp.it\\\/tagliacozzo\\\/privacy-policy\\\/\",\"url\":\"https:\\\/\\\/asromacamp.it\\\/tagliacozzo\\\/privacy-policy\\\/\",\"name\":\"Privacy Policy - AS Roma Camp 2026 | Tagliacozzo\",\"isPartOf\":{\"@id\":\"https:\\\/\\\/asromacamp.it\\\/tagliacozzo\\\/#website\"},\"datePublished\":\"2024-11-07T15:42:19+00:00\",\"dateModified\":\"2025-12-15T16:30:23+00:00\",\"inLanguage\":\"it-IT\",\"potentialAction\":[{\"@type\":\"ReadAction\",\"target\":[\"https:\\\/\\\/asromacamp.it\\\/tagliacozzo\\\/privacy-policy\\\/\"]}]},{\"@type\":\"WebSite\",\"@id\":\"https:\\\/\\\/asromacamp.it\\\/tagliacozzo\\\/#website\",\"url\":\"https:\\\/\\\/asromacamp.it\\\/tagliacozzo\\\/\",\"name\":\"AS Roma Camp 2026 | Tagliacozzo\",\"description\":\"\",\"publisher\":{\"@id\":\"https:\\\/\\\/asromacamp.it\\\/tagliacozzo\\\/#organization\"},\"potentialAction\":[{\"@type\":\"SearchAction\",\"target\":{\"@type\":\"EntryPoint\",\"urlTemplate\":\"https:\\\/\\\/asromacamp.it\\\/tagliacozzo\\\/?s={search_term_string}\"},\"query-input\":{\"@type\":\"PropertyValueSpecification\",\"valueRequired\":true,\"valueName\":\"search_term_string\"}}],\"inLanguage\":\"it-IT\"},{\"@type\":\"Organization\",\"@id\":\"https:\\\/\\\/asromacamp.it\\\/tagliacozzo\\\/#organization\",\"name\":\"AS Roma Camp 2026 | Tagliacozzo\",\"url\":\"https:\\\/\\\/asromacamp.it\\\/tagliacozzo\\\/\",\"logo\":{\"@type\":\"ImageObject\",\"inLanguage\":\"it-IT\",\"@id\":\"https:\\\/\\\/asromacamp.it\\\/tagliacozzo\\\/#\\\/schema\\\/logo\\\/image\\\/\",\"url\":\"https:\\\/\\\/asromacamp.it\\\/tagliacozzo\\\/wp-content\\\/uploads\\\/2024\\\/11\\\/cropped-asroma-favicon.png\",\"contentUrl\":\"https:\\\/\\\/asromacamp.it\\\/tagliacozzo\\\/wp-content\\\/uploads\\\/2024\\\/11\\\/cropped-asroma-favicon.png\",\"width\":512,\"height\":512,\"caption\":\"AS Roma Camp 2026 | Tagliacozzo\"},\"image\":{\"@id\":\"https:\\\/\\\/asromacamp.it\\\/tagliacozzo\\\/#\\\/schema\\\/logo\\\/image\\\/\"},\"sameAs\":[\"https:\\\/\\\/www.facebook.com\\\/taliaacademy\\\/followers?locale=it_IT\"]}]}<\/script>\n<!-- \/ Yoast SEO plugin. -->","yoast_head_json":{"title":"Privacy Policy - AS Roma Camp 2026 | Tagliacozzo","robots":{"index":"index","follow":"follow","max-snippet":"max-snippet:-1","max-image-preview":"max-image-preview:large","max-video-preview":"max-video-preview:-1"},"canonical":"https:\/\/asromacamp.it\/tagliacozzo\/privacy-policy\/","og_locale":"it_IT","og_type":"article","og_title":"Privacy Policy - AS Roma Camp 2026 | Tagliacozzo","og_description":"PRIVACY POLICY AS ROMA CAMP TAGLIACOZZO INTRODUZIONE La presente Informativa ha lo scopo di informare l&#8217;utente circa le modalit\u00e0 di trattamento dei dati personali che lo riguardano. ASD Talia Academy, in linea con il D.lgs. 196\/2003 (di seguito &#8220;Codice Privacy&#8221;) e il Regolamento (UE) 2016\/679 (di seguito &#8220;GDPR&#8221;), intende garantire la privacy e la sicurezza [&hellip;]","og_url":"https:\/\/asromacamp.it\/tagliacozzo\/privacy-policy\/","og_site_name":"AS Roma Camp 2026 | Tagliacozzo","article_publisher":"https:\/\/www.facebook.com\/taliaacademy\/followers?locale=it_IT","article_modified_time":"2025-12-15T16:30:23+00:00","twitter_card":"summary_large_image","twitter_misc":{"Tempo di lettura stimato":"9 minuti"},"schema":{"@context":"https:\/\/schema.org","@graph":[{"@type":"WebPage","@id":"https:\/\/asromacamp.it\/tagliacozzo\/privacy-policy\/","url":"https:\/\/asromacamp.it\/tagliacozzo\/privacy-policy\/","name":"Privacy Policy - AS Roma Camp 2026 | Tagliacozzo","isPartOf":{"@id":"https:\/\/asromacamp.it\/tagliacozzo\/#website"},"datePublished":"2024-11-07T15:42:19+00:00","dateModified":"2025-12-15T16:30:23+00:00","inLanguage":"it-IT","potentialAction":[{"@type":"ReadAction","target":["https:\/\/asromacamp.it\/tagliacozzo\/privacy-policy\/"]}]},{"@type":"WebSite","@id":"https:\/\/asromacamp.it\/tagliacozzo\/#website","url":"https:\/\/asromacamp.it\/tagliacozzo\/","name":"AS Roma Camp 2026 | Tagliacozzo","description":"","publisher":{"@id":"https:\/\/asromacamp.it\/tagliacozzo\/#organization"},"potentialAction":[{"@type":"SearchAction","target":{"@type":"EntryPoint","urlTemplate":"https:\/\/asromacamp.it\/tagliacozzo\/?s={search_term_string}"},"query-input":{"@type":"PropertyValueSpecification","valueRequired":true,"valueName":"search_term_string"}}],"inLanguage":"it-IT"},{"@type":"Organization","@id":"https:\/\/asromacamp.it\/tagliacozzo\/#organization","name":"AS Roma Camp 2026 | Tagliacozzo","url":"https:\/\/asromacamp.it\/tagliacozzo\/","logo":{"@type":"ImageObject","inLanguage":"it-IT","@id":"https:\/\/asromacamp.it\/tagliacozzo\/#\/schema\/logo\/image\/","url":"https:\/\/asromacamp.it\/tagliacozzo\/wp-content\/uploads\/2024\/11\/cropped-asroma-favicon.png","contentUrl":"https:\/\/asromacamp.it\/tagliacozzo\/wp-content\/uploads\/2024\/11\/cropped-asroma-favicon.png","width":512,"height":512,"caption":"AS Roma Camp 2026 | Tagliacozzo"},"image":{"@id":"https:\/\/asromacamp.it\/tagliacozzo\/#\/schema\/logo\/image\/"},"sameAs":["https:\/\/www.facebook.com\/taliaacademy\/followers?locale=it_IT"]}]}},"_links":{"self":[{"href":"https:\/\/asromacamp.it\/tagliacozzo\/wp-json\/wp\/v2\/pages\/3","targetHints":{"allow":["GET"]}}],"collection":[{"href":"https:\/\/asromacamp.it\/tagliacozzo\/wp-json\/wp\/v2\/pages"}],"about":[{"href":"https:\/\/asromacamp.it\/tagliacozzo\/wp-json\/wp\/v2\/types\/page"}],"author":[{"embeddable":true,"href":"https:\/\/asromacamp.it\/tagliacozzo\/wp-json\/wp\/v2\/users\/1"}],"replies":[{"embeddable":true,"href":"https:\/\/asromacamp.it\/tagliacozzo\/wp-json\/wp\/v2\/comments?post=3"}],"version-history":[{"count":7,"href":"https:\/\/asromacamp.it\/tagliacozzo\/wp-json\/wp\/v2\/pages\/3\/revisions"}],"predecessor-version":[{"id":336,"href":"https:\/\/asromacamp.it\/tagliacozzo\/wp-json\/wp\/v2\/pages\/3\/revisions\/336"}],"wp:attachment":[{"href":"https:\/\/asromacamp.it\/tagliacozzo\/wp-json\/wp\/v2\/media?parent=3"}],"curies":[{"name":"wp","href":"https:\/\/api.w.org\/{rel}","templated":true}]}}